{"id":644,"date":"2013-09-12T15:16:56","date_gmt":"2013-09-12T13:16:56","guid":{"rendered":"http:\/\/www.zbbrb.fr\/wp\/?page_id=644"},"modified":"2014-09-07T18:08:15","modified_gmt":"2014-09-07T16:08:15","slug":"assemblee-generale-du-220613","status":"publish","type":"page","link":"http:\/\/www.zbbrb.fr\/wp\/?page_id=644","title":{"rendered":"Assembl\u00e9e G\u00e9n\u00e9rale du 22\/06\/13"},"content":{"rendered":"<p style=\"text-align: center;\"><span style=\"font-size: 22px;\">Cliquer sur le lien pour consulter ou enregistrer le compte rendu de\u00a0<a href=\"http:\/\/www.zbbrb.fr\/wp\/wp-content\/uploads\/2013\/09\/Cpte_rendu_AG_22-06-13.pdf\" target=\"_blank\">l&rsquo;Assembl\u00e9e G\u00e9n\u00e9rale du 22\/06\/13<\/a><\/span><\/p>\n","protected":false},"excerpt":{"rendered":"<p>Cliquer sur le lien pour consulter ou enregistrer le compte rendu de\u00a0l&rsquo;Assembl\u00e9e G\u00e9n\u00e9rale du 22\/06\/13<\/p>\n","protected":false},"author":3,"featured_media":0,"parent":1722,"menu_order":0,"comment_status":"open","ping_status":"open","template":"","meta":{"jetpack_post_was_ever_published":false,"footnotes":""},"class_list":["post-644","page","type-page","status-publish","hentry"],"jetpack_sharing_enabled":true,"jetpack_shortlink":"https:\/\/wp.me\/P3Xwp1-ao","_links":{"self":[{"href":"http:\/\/www.zbbrb.fr\/wp\/index.php?rest_route=\/wp\/v2\/pages\/644","targetHints":{"allow":["GET"]}}],"collection":[{"href":"http:\/\/www.zbbrb.fr\/wp\/index.php?rest_route=\/wp\/v2\/pages"}],"about":[{"href":"http:\/\/www.zbbrb.fr\/wp\/index.php?rest_route=\/wp\/v2\/types\/page"}],"author":[{"embeddable":true,"href":"http:\/\/www.zbbrb.fr\/wp\/index.php?rest_route=\/wp\/v2\/users\/3"}],"replies":[{"embeddable":true,"href":"http:\/\/www.zbbrb.fr\/wp\/index.php?rest_route=%2Fwp%2Fv2%2Fcomments&post=644"}],"version-history":[{"count":10,"href":"http:\/\/www.zbbrb.fr\/wp\/index.php?rest_route=\/wp\/v2\/pages\/644\/revisions"}],"predecessor-version":[{"id":1841,"href":"http:\/\/www.zbbrb.fr\/wp\/index.php?rest_route=\/wp\/v2\/pages\/644\/revisions\/1841"}],"up":[{"embeddable":true,"href":"http:\/\/www.zbbrb.fr\/wp\/index.php?rest_route=\/wp\/v2\/pages\/1722"}],"wp:attachment":[{"href":"http:\/\/www.zbbrb.fr\/wp\/index.php?rest_route=%2Fwp%2Fv2%2Fmedia&parent=644"}],"curies":[{"name":"wp","href":"https:\/\/api.w.org\/{rel}","templated":true}]}}