{"id":551,"date":"2013-08-22T22:07:06","date_gmt":"2013-08-22T20:07:06","guid":{"rendered":"http:\/\/glace.redheberg.com\/~zbbrbfr\/wp\/?page_id=551"},"modified":"2014-09-07T18:09:29","modified_gmt":"2014-09-07T16:09:29","slug":"presentation","status":"publish","type":"page","link":"http:\/\/www.zbbrb.fr\/wp\/?page_id=551","title":{"rendered":"Pr\u00e9sentation"},"content":{"rendered":"<p style=\"text-align: center;\"><span style=\"font-size: 18px;\"><strong>Bienvenue sur le site de l&rsquo;\u00e9quipe Folklo de l&rsquo;AS Lagny rugby<\/strong><\/span><\/p>\n<p style=\"text-align: center;\"><img data-recalc-dims=\"1\" loading=\"lazy\" decoding=\"async\" data-attachment-id=\"1787\" data-permalink=\"http:\/\/www.zbbrb.fr\/wp\/?attachment_id=1787\" data-orig-file=\"https:\/\/i0.wp.com\/www.zbbrb.fr\/wp\/wp-content\/uploads\/2014\/09\/admin-ajax.jpg?fit=200%2C200\" data-orig-size=\"200,200\" data-comments-opened=\"1\" data-image-meta=\"{&quot;aperture&quot;:&quot;0&quot;,&quot;credit&quot;:&quot;&quot;,&quot;camera&quot;:&quot;&quot;,&quot;caption&quot;:&quot;&quot;,&quot;created_timestamp&quot;:&quot;0&quot;,&quot;copyright&quot;:&quot;&quot;,&quot;focal_length&quot;:&quot;0&quot;,&quot;iso&quot;:&quot;0&quot;,&quot;shutter_speed&quot;:&quot;0&quot;,&quot;title&quot;:&quot;&quot;,&quot;orientation&quot;:&quot;0&quot;}\" data-image-title=\"admin-ajax\" data-image-description=\"\" data-image-caption=\"\" data-large-file=\"https:\/\/i0.wp.com\/www.zbbrb.fr\/wp\/wp-content\/uploads\/2014\/09\/admin-ajax.jpg?fit=200%2C200\" class=\"alignnone size-full wp-image-1787\" src=\"https:\/\/i0.wp.com\/www.zbbrb.fr\/wp\/wp-content\/uploads\/2014\/09\/admin-ajax.jpg?resize=200%2C200\" alt=\"admin-ajax\" width=\"200\" height=\"200\" srcset=\"https:\/\/i0.wp.com\/www.zbbrb.fr\/wp\/wp-content\/uploads\/2014\/09\/admin-ajax.jpg?w=200 200w, https:\/\/i0.wp.com\/www.zbbrb.fr\/wp\/wp-content\/uploads\/2014\/09\/admin-ajax.jpg?resize=150%2C150 150w\" sizes=\"auto, (max-width: 200px) 100vw, 200px\" \/><\/p>\n<p><strong>Ze blue brothers rugby band est une association du type Loi 1901 cr\u00e9e en mai 2001, dont le but est le soutien et la promotion de l&rsquo;\u00e9quipe de rugby des anciens joueurs de l&rsquo;AS Lagny rugby r\u00e9unis en son sein afin de d\u00e9velopper la fraternit\u00e9 entre ses membres et \u00e0 encourager la gastronomie et le chant choral.<\/strong><\/p>\n<p><strong>La saison est compos\u00e9e d&rsquo;entra\u00eenements r\u00e9guliers tous les vendredis soir \u00e0 20H au stade Lagny, de matchs amicaux, principalement contre des \u00e9quipes de r\u00e9gion parisienne, ont lieux \u00e9galement le vendredi soir \u00e0 la place des entra\u00eenements. Nous essayons tant que possible, et\u00a0\u00e0 condition d&rsquo;avoir un nombre suffisant de joueur, de nous d\u00e9placer sur des tournois comme celui de Dieppe ou nous nous allons r\u00e9guli\u00e8rement le week-end de la Pentec\u00f4te. L&rsquo;association est ouverte \u00e0 tous, que vous soyez d\u00e9butant ou confirm\u00e9. Il vous suffit simplement de poss\u00e9der un certificat m\u00e9dical autorisant la pratique du Rugby, un \u00e9lectrocardiogramme et de vous acquitter de la cotisation annuelle.<\/strong><\/p>\n","protected":false},"excerpt":{"rendered":"<p>Bienvenue sur le site de l&rsquo;\u00e9quipe Folklo de l&rsquo;AS Lagny rugby Ze blue brothers rugby band est une association du type Loi 1901 cr\u00e9e en mai 2001, dont le but est le soutien et la promotion de l&rsquo;\u00e9quipe de rugby &hellip; <a href=\"http:\/\/www.zbbrb.fr\/wp\/?page_id=551\">Continue reading <span class=\"meta-nav\">&rarr;<\/span><\/a><\/p>\n","protected":false},"author":3,"featured_media":0,"parent":125,"menu_order":0,"comment_status":"open","ping_status":"open","template":"","meta":{"jetpack_post_was_ever_published":false,"footnotes":""},"class_list":["post-551","page","type-page","status-publish","hentry"],"jetpack_sharing_enabled":true,"jetpack_shortlink":"https:\/\/wp.me\/P3Xwp1-8T","_links":{"self":[{"href":"http:\/\/www.zbbrb.fr\/wp\/index.php?rest_route=\/wp\/v2\/pages\/551","targetHints":{"allow":["GET"]}}],"collection":[{"href":"http:\/\/www.zbbrb.fr\/wp\/index.php?rest_route=\/wp\/v2\/pages"}],"about":[{"href":"http:\/\/www.zbbrb.fr\/wp\/index.php?rest_route=\/wp\/v2\/types\/page"}],"author":[{"embeddable":true,"href":"http:\/\/www.zbbrb.fr\/wp\/index.php?rest_route=\/wp\/v2\/users\/3"}],"replies":[{"embeddable":true,"href":"http:\/\/www.zbbrb.fr\/wp\/index.php?rest_route=%2Fwp%2Fv2%2Fcomments&post=551"}],"version-history":[{"count":9,"href":"http:\/\/www.zbbrb.fr\/wp\/index.php?rest_route=\/wp\/v2\/pages\/551\/revisions"}],"predecessor-version":[{"id":1795,"href":"http:\/\/www.zbbrb.fr\/wp\/index.php?rest_route=\/wp\/v2\/pages\/551\/revisions\/1795"}],"up":[{"embeddable":true,"href":"http:\/\/www.zbbrb.fr\/wp\/index.php?rest_route=\/wp\/v2\/pages\/125"}],"wp:attachment":[{"href":"http:\/\/www.zbbrb.fr\/wp\/index.php?rest_route=%2Fwp%2Fv2%2Fmedia&parent=551"}],"curies":[{"name":"wp","href":"https:\/\/api.w.org\/{rel}","templated":true}]}}