{"id":3034,"date":"2016-09-10T21:45:08","date_gmt":"2016-09-10T19:45:08","guid":{"rendered":"http:\/\/www.zbbrb.fr\/wp\/?page_id=3034"},"modified":"2016-09-10T21:45:08","modified_gmt":"2016-09-10T19:45:08","slug":"assemblee-generale-du-170616","status":"publish","type":"page","link":"http:\/\/www.zbbrb.fr\/wp\/?page_id=3034","title":{"rendered":"Assembl\u00e9e G\u00e9n\u00e9rale du 17\/06\/16"},"content":{"rendered":"<p><span style=\"font-size: 22px;\"><span style=\"font-family: arial,helvetica,sans-serif;\">Cliquez sur le lien pour consulter ou enregister le compte rendu de<\/span> <a href=\"http:\/\/www.zbbrb.fr\/wp\/wp-content\/uploads\/2016\/09\/Cpte_rendu_AG_17-06-16.pdf\" target=\"_blank\">l&rsquo;Assembl\u00e9e G\u00e9n\u00e9rale du 17\/06\/16<\/a><\/span><\/p>\n","protected":false},"excerpt":{"rendered":"<p>Cliquez sur le lien pour consulter ou enregister le compte rendu de l&rsquo;Assembl\u00e9e G\u00e9n\u00e9rale du 17\/06\/16<\/p>\n","protected":false},"author":3,"featured_media":0,"parent":1722,"menu_order":0,"comment_status":"closed","ping_status":"closed","template":"","meta":{"jetpack_post_was_ever_published":false,"footnotes":""},"class_list":["post-3034","page","type-page","status-publish","hentry"],"jetpack_sharing_enabled":true,"jetpack_shortlink":"https:\/\/wp.me\/P3Xwp1-MW","_links":{"self":[{"href":"http:\/\/www.zbbrb.fr\/wp\/index.php?rest_route=\/wp\/v2\/pages\/3034","targetHints":{"allow":["GET"]}}],"collection":[{"href":"http:\/\/www.zbbrb.fr\/wp\/index.php?rest_route=\/wp\/v2\/pages"}],"about":[{"href":"http:\/\/www.zbbrb.fr\/wp\/index.php?rest_route=\/wp\/v2\/types\/page"}],"author":[{"embeddable":true,"href":"http:\/\/www.zbbrb.fr\/wp\/index.php?rest_route=\/wp\/v2\/users\/3"}],"replies":[{"embeddable":true,"href":"http:\/\/www.zbbrb.fr\/wp\/index.php?rest_route=%2Fwp%2Fv2%2Fcomments&post=3034"}],"version-history":[{"count":3,"href":"http:\/\/www.zbbrb.fr\/wp\/index.php?rest_route=\/wp\/v2\/pages\/3034\/revisions"}],"predecessor-version":[{"id":3041,"href":"http:\/\/www.zbbrb.fr\/wp\/index.php?rest_route=\/wp\/v2\/pages\/3034\/revisions\/3041"}],"up":[{"embeddable":true,"href":"http:\/\/www.zbbrb.fr\/wp\/index.php?rest_route=\/wp\/v2\/pages\/1722"}],"wp:attachment":[{"href":"http:\/\/www.zbbrb.fr\/wp\/index.php?rest_route=%2Fwp%2Fv2%2Fmedia&parent=3034"}],"curies":[{"name":"wp","href":"https:\/\/api.w.org\/{rel}","templated":true}]}}