{"id":220,"date":"2013-04-27T14:48:32","date_gmt":"2013-04-27T12:48:32","guid":{"rendered":"http:\/\/127.0.0.1:4001\/wordpress\/?page_id=220"},"modified":"2014-09-07T18:09:54","modified_gmt":"2014-09-07T16:09:54","slug":"reglement-interieur","status":"publish","type":"page","link":"http:\/\/www.zbbrb.fr\/wp\/?page_id=220","title":{"rendered":"R\u00e8glement int\u00e9rieur"},"content":{"rendered":"<p style=\"text-align: left;\"><strong>du Ze BLUE BROTHERS RUGBY BAND<\/strong><\/p>\n<p align=\"center\">*-*-*-*-*-*-*-*-*<\/p>\n<p>Le r\u00e8glement int\u00e9rieur a pour objet de pr\u00e9ciser les statuts de l\u2019association \u00ab\u00a0Ze BLUE BROTHERS RUGBY BAND\u00a0\u00bb, sis Maison des Associations \u2013 5\/9, rue Vacheresse \u2013 77400 LAGNY SUR MARNE<\/p>\n<p style=\"text-align: center;\"><strong>Les membres<\/strong><\/p>\n<p style=\"text-align: left;\"><i><span style=\"text-decoration: underline;\">Conditions d\u2019admission<\/span><\/i>\u00a0:<\/p>\n<p>Les membres d\u2019honneur ne paient pas de cotisation.<\/p>\n<p>Les membres adh\u00e9rents doivent s\u2019acquitter d\u2019une cotisation annuelle de 150,00 \u20ac (cent cinquante euros).<\/p>\n<p>Le montant de la cotisation est fix\u00e9 annuellement par le conseil d\u2019administration.<\/p>\n<p>La cotisation annuelle, accompagn\u00e9e des documents n\u00e9cessaires \u00e0 l\u2019\u00e9tablissement de la licence <b><sup>(1) (2)<\/sup><\/b>, doit \u00eatre vers\u00e9e \u00e0 l\u2019association avant l\u2019expiration de la licence pr\u00e9c\u00e9dente ou avant le premier match de la saison, et au plus tard, le 1<sup>er<\/sup> novembre de la saison en cours (\u00e0 l\u2019exception des nouveaux adh\u00e9rents arrivant en cours d\u2019ann\u00e9e).<\/p>\n<p>Toute cotisation vers\u00e9e \u00e0 l\u2019association est d\u00e9finitivement acquise. Il ne saurait \u00eatre exig\u00e9 un remboursement de cotisation en cours d\u2019ann\u00e9e en cas de d\u00e9mission, d\u2019exclusion ou de d\u00e9c\u00e8s d\u2019un membre.<\/p>\n<p><b><sup>(1) <\/sup>Certificat m\u00e9dical obligatoire, \u00e0 fournir au 1<sup>er<\/sup> entra\u00eenement.<\/b><\/p>\n<p><b><sup>(2)<\/sup> Electrocardiogramme obligatoire<\/b>\u00a0: courant du mois d\u2019octobre.<\/p>\n<p><i><span style=\"text-decoration: underline;\">Admission de nouveaux membres<\/span><\/i><\/p>\n<p>Les personnes d\u00e9sirant adh\u00e9rer devront remplir un bulletin d\u2019adh\u00e9sion, fournir un certificat m\u00e9dical et subir l\u2019\u00e9lectrocardiogramme.<\/p>\n<p>Les statuts et le r\u00e8glement int\u00e9rieur mis \u00e0 jour sont remis \u00e0 chaque nouvel adh\u00e9rent.<\/p>\n<p><i><span style=\"text-decoration: underline;\">Exclusion<\/span><\/i><\/p>\n<p>Conform\u00e9ment \u00e0 l\u2019article 7 des statuts, un membre peut \u00eatre exclu pour les motifs suivants, aussi bien dans l\u2019enceinte du club sportif que dans ses d\u00e9placements \u00e0 l\u2019ext\u00e9rieur\u00a0:<\/p>\n<ul>\n<li>\u00a0Mat\u00e9riel d\u00e9t\u00e9rior\u00e9<\/li>\n<li>Comportement dangereux,\u00a0aussi bien dans l\u2019enceinte du club sportif que dans ses d\u00e9placements \u00e0 \u00a0l\u2019ext\u00e9rieur<\/li>\n<li>Propos d\u00e9sobligeants envers les autres membres<\/li>\n<li>Comportement non-conforme avec l\u2019\u00e9thique de l\u2019association<\/li>\n<li>Non-respect des statuts et du r\u00e8glement int\u00e9rieur<\/li>\n<li>Non-paiement de la cotisation avant le 1<sup>er<\/sup> d\u00e9cembre de la saison en cours<\/li>\n<li>Non-remise des documents d\u2019adh\u00e9sion pour les membres actifs.<\/li>\n<\/ul>\n<p>Celle-ci doit \u00eatre prononc\u00e9e par le conseil d\u2019administration, apr\u00e8s avoir entendu les explications du membre contre lequel une proc\u00e9dure d\u2019exclusion est engag\u00e9e, \u00e0 une majorit\u00e9 des voix (article 10 des statuts). Le membre sera convoqu\u00e9 par lettre recommand\u00e9e avec AR, quinze jours avant cette r\u00e9union. Cette lettre comportera les motifs de la radiation. Il pourra se faire assister d\u2019une personne de son choix.<\/p>\n<p>La d\u00e9cision de la radiation sera notifi\u00e9e par lettre recommand\u00e9e avec AR.<\/p>\n<p><i><span style=\"text-decoration: underline;\">D\u00e9mission \u2013 D\u00e9c\u00e8s \u2013 Disparition<\/span><\/i><\/p>\n<p>Conform\u00e9ment \u00e0 l\u2019article 7 des statuts, le membre d\u00e9missionnaire, en cours d\u2019ann\u00e9e, devra adresser, sous simple lettre, sa d\u00e9cision au Pr\u00e9sident.<\/p>\n<p><b>Le membre n\u2019ayant pas r\u00e9gl\u00e9 sa cotisation annuelle, ni fourni les documents n\u00e9cessaires \u00e0 son adh\u00e9sion, dans le d\u00e9lai d\u2019un mois \u00e0 compter de la date d\u2019exigibilit\u00e9 (1<sup>er<\/sup> novembre de la saison en cours), sera consid\u00e9r\u00e9 d\u2019office comme d\u00e9missionnaire.<\/b><\/p>\n<p>Aucune restitution de cotisation n\u2019est due au membre d\u00e9missionnaire.<\/p>\n<p>En cas de d\u00e9c\u00e8s, la qualit\u00e9 de membre s\u2019\u00e9teint avec la personne.<\/p>\n<p align=\"center\"><strong>Fonctionnement de l\u2019association<\/strong><\/p>\n<p style=\"text-align: left;\" align=\"center\"><i><span style=\"text-decoration: underline;\">Assembl\u00e9e g\u00e9n\u00e9rale ordinaire<\/span><\/i>\u00a0:<\/p>\n<p>Conform\u00e9ment \u00e0 l\u2019article 12 des statuts de l\u2019association, l\u2019assembl\u00e9e g\u00e9n\u00e9rale ordinaire se r\u00e9unit une fois par an sur convocation du conseil d\u2019administration.<\/p>\n<p>Les membres, \u00e0 jour de leur cotisation, sont convoqu\u00e9s suivant la proc\u00e9dure suivante\u00a0:<\/p>\n<p>Lettre simple, E-mail ou remise en main propre de la convocation.<\/p>\n<p>Le vote s\u2019effectue \u00e0 main lev\u00e9e.<\/p>\n<p>Il est d\u00e9sign\u00e9 un secr\u00e9taire de s\u00e9ance en d\u00e9but de r\u00e9union qui r\u00e9dige un proc\u00e8s-verbal de l\u2019assembl\u00e9e g\u00e9n\u00e9rale.<\/p>\n<p>Les votes par procuration sont autoris\u00e9s, dans la limite de 2 pouvoirs par personne.<\/p>\n<p><i><span style=\"text-decoration: underline;\">Assembl\u00e9e g\u00e9n\u00e9rale extraordinaire<\/span>\u00a0<\/i>:<i><\/i><\/p>\n<p>Conform\u00e9ment \u00e0 l\u2019article 13 des statuts de l\u2019association, une assembl\u00e9e g\u00e9n\u00e9rale extraordinaire peut se r\u00e9unir dans les conditions d\u00e9finies dans ce m\u00eame article.<\/p>\n<p>Tous les membres \u00e0 jour de leur cotisation sont convoqu\u00e9s suivant la m\u00eame proc\u00e9dure que pour l\u2019assembl\u00e9e g\u00e9n\u00e9rale ordinaire.<\/p>\n<p>Le vote s\u2019effectue \u00e0 main lev\u00e9e.<\/p>\n<p>Il est d\u00e9sign\u00e9 un secr\u00e9taire de s\u00e9ance en d\u00e9but de r\u00e9union qui r\u00e9dige un proc\u00e8s-verbal de l\u2019assembl\u00e9e g\u00e9n\u00e9rale extraordinaire.<\/p>\n<p>Les votes par procuration sont autoris\u00e9s, dans la limite de 2 pouvoirs par personne.<\/p>\n<p align=\"center\"><strong>Dispositions diverses<\/strong><\/p>\n<p><i><span style=\"text-decoration: underline;\">Modification du r\u00e8glement int\u00e9rieur<\/span><\/i>\u00a0:<\/p>\n<p>Le r\u00e8glement int\u00e9rieur est \u00e9tabli par le conseil d\u2019administration, conform\u00e9ment \u00e0 l\u2019article 14 des statuts de l\u2019association \u00ab\u00a0Ze BLUE BROTHERS RUGBY BAND\u00a0\u00bb.<\/p>\n<p>Il peut \u00eatre modifi\u00e9 par le conseil d\u2019administration \u00e0 tout moment.<\/p>\n<p>Le nouveau r\u00e8glement int\u00e9rieur est adress\u00e9 \u00e0 tous les membres de l\u2019association par lettre simple ou remis en main propre (ou par affichage) sous un d\u00e9lai de 1 mois suivant la date de la modification.<\/p>\n<p>&nbsp;<\/p>\n<p align=\"right\">Fait \u00e0 LAGNY-sur-MARNE, le 19 juin 2010<\/p>\n<p>&nbsp;<\/p>\n","protected":false},"excerpt":{"rendered":"<p>du Ze BLUE BROTHERS RUGBY BAND *-*-*-*-*-*-*-*-* Le r\u00e8glement int\u00e9rieur a pour objet de pr\u00e9ciser les statuts de l\u2019association \u00ab\u00a0Ze BLUE BROTHERS RUGBY BAND\u00a0\u00bb, sis Maison des Associations \u2013 5\/9, rue Vacheresse \u2013 77400 LAGNY SUR MARNE Les membres Conditions &hellip; <a href=\"http:\/\/www.zbbrb.fr\/wp\/?page_id=220\">Continue reading <span class=\"meta-nav\">&rarr;<\/span><\/a><\/p>\n","protected":false},"author":3,"featured_media":0,"parent":125,"menu_order":0,"comment_status":"open","ping_status":"open","template":"","meta":{"jetpack_post_was_ever_published":false,"footnotes":""},"class_list":["post-220","page","type-page","status-publish","hentry"],"jetpack_sharing_enabled":true,"jetpack_shortlink":"https:\/\/wp.me\/P3Xwp1-3y","_links":{"self":[{"href":"http:\/\/www.zbbrb.fr\/wp\/index.php?rest_route=\/wp\/v2\/pages\/220","targetHints":{"allow":["GET"]}}],"collection":[{"href":"http:\/\/www.zbbrb.fr\/wp\/index.php?rest_route=\/wp\/v2\/pages"}],"about":[{"href":"http:\/\/www.zbbrb.fr\/wp\/index.php?rest_route=\/wp\/v2\/types\/page"}],"author":[{"embeddable":true,"href":"http:\/\/www.zbbrb.fr\/wp\/index.php?rest_route=\/wp\/v2\/users\/3"}],"replies":[{"embeddable":true,"href":"http:\/\/www.zbbrb.fr\/wp\/index.php?rest_route=%2Fwp%2Fv2%2Fcomments&post=220"}],"version-history":[{"count":1,"href":"http:\/\/www.zbbrb.fr\/wp\/index.php?rest_route=\/wp\/v2\/pages\/220\/revisions"}],"predecessor-version":[{"id":1843,"href":"http:\/\/www.zbbrb.fr\/wp\/index.php?rest_route=\/wp\/v2\/pages\/220\/revisions\/1843"}],"up":[{"embeddable":true,"href":"http:\/\/www.zbbrb.fr\/wp\/index.php?rest_route=\/wp\/v2\/pages\/125"}],"wp:attachment":[{"href":"http:\/\/www.zbbrb.fr\/wp\/index.php?rest_route=%2Fwp%2Fv2%2Fmedia&parent=220"}],"curies":[{"name":"wp","href":"https:\/\/api.w.org\/{rel}","templated":true}]}}