{"id":169,"date":"2013-04-27T11:37:36","date_gmt":"2013-04-27T09:37:36","guid":{"rendered":"http:\/\/127.0.0.1:4001\/wordpress\/?page_id=169"},"modified":"2014-09-10T13:16:46","modified_gmt":"2014-09-10T11:16:46","slug":"le-cahier-de-chants","status":"publish","type":"page","link":"http:\/\/www.zbbrb.fr\/wp\/?page_id=169","title":{"rendered":"Ze Cahier de Chants"},"content":{"rendered":"<p style=\"text-align: right;\">\u00a0<img data-recalc-dims=\"1\" loading=\"lazy\" decoding=\"async\" data-attachment-id=\"666\" data-permalink=\"http:\/\/www.zbbrb.fr\/wp\/?attachment_id=666\" data-orig-file=\"https:\/\/i0.wp.com\/www.zbbrb.fr\/wp\/wp-content\/uploads\/2013\/04\/notes-de-musique-sur-partition2.jpg?fit=758%2C491\" data-orig-size=\"758,491\" data-comments-opened=\"1\" data-image-meta=\"{&quot;aperture&quot;:&quot;0&quot;,&quot;credit&quot;:&quot;&quot;,&quot;camera&quot;:&quot;&quot;,&quot;caption&quot;:&quot;&quot;,&quot;created_timestamp&quot;:&quot;0&quot;,&quot;copyright&quot;:&quot;&quot;,&quot;focal_length&quot;:&quot;0&quot;,&quot;iso&quot;:&quot;0&quot;,&quot;shutter_speed&quot;:&quot;0&quot;,&quot;title&quot;:&quot;&quot;}\" data-image-title=\"notes-de-musique-sur-partition2\" data-image-description=\"\" data-image-caption=\"\" data-large-file=\"https:\/\/i0.wp.com\/www.zbbrb.fr\/wp\/wp-content\/uploads\/2013\/04\/notes-de-musique-sur-partition2.jpg?fit=584%2C378\" class=\"alignnone  wp-image-666\" src=\"https:\/\/i0.wp.com\/www.zbbrb.fr\/wp\/wp-content\/uploads\/2013\/04\/notes-de-musique-sur-partition2.jpg?resize=197%2C120\" alt=\"notes-de-musique-sur-partition2\" width=\"197\" height=\"120\" \/><\/p>\n<ul>\n<li><strong>Ah, la salope\u00a0<\/strong><\/li>\n<\/ul>\n<p>C&rsquo;\u00e9tait une fillette, qui s&rsquo;appelait Suzon (bis) Et elle aimait \u00e0 rire, avec tous les gar\u00e7ons !<\/p>\n<p style=\"text-align: left;\">Ah ! La salope, va laver ton cul, malpropre ! Car il n&rsquo;est pas propre, tire-lire Car il n&rsquo;est pas propre, tire-l\u00e0 ! (bis)<\/p>\n<p>Et elle aimait \u00e0 rire, avec tous les gar\u00e7ons (bis) Mais \u00e0 force de rire, son ventre devint rond !<\/p>\n<p>Mais \u00e0 force de rire, son ventre devint rond. Sa m\u00e8re lui demande : \u00ab\u00a0Qui t&rsquo;a fait ,ca Suzon ?\u00a0\u00bb<\/p>\n<p>Sa m\u00e8re lui demande : \u00ab\u00a0Qui t&rsquo;a fait \u00e7a Suzon ?\u00a0\u00bb &#8211; C&rsquo;est le garde &#8211; barri\u00e8re, par-derri\u00e8re la maison !<\/p>\n<p>C&rsquo;est le garde-barri\u00e8re, par-derri\u00e8re la maison. Il m&rsquo;a mis dans le cul, un gros b\u00e2ton tout rond !<\/p>\n<p>Il m&rsquo;a mis dans le cul un gros b\u00e2ton tout rond. Au bout y avait d&rsquo; la cr\u00e8me ah ! Mon Dieu qu&rsquo; c&rsquo;\u00e9tait bon !\u00a0\u00bb<\/p>\n<p>Au bout y avait d&rsquo; la cr\u00e8me, ah! Mon Dieu qu&rsquo; c&rsquo;\u00e9tait bon. Mais au bout de neuf mois, il vint un gros gar\u00e7on !<\/p>\n<p>Mais au bout de neuf mois, il vint un gros gar\u00e7on. Et il avait la t\u00eate, comme un petit oignon !<\/p>\n<p>Et il avait la t\u00eate, comme un petit oignon. La seule diff\u00e9rence, c&rsquo;est qu&rsquo;il \u00e9tait moins con !<\/p>\n<p>&#8212;&#8212;&#8212;&#8212;&#8212;&#8212;&#8212;&#8212;&#8212;&#8212;&#8212;&#8212;&#8212;&#8212;&#8212;&#8212;<\/p>\n<ul>\n<li><strong>LE MORPION ANGLAIS<\/strong><\/li>\n<\/ul>\n<p>Sur les bords de la Tamise Y\u00a0\u2019avait 1 anglais<\/p>\n<p>Il \u00e9tait en bras d\u00a0\u2019chemise Et sans cesse il r\u00e9p\u00e9tait\u2026ah ah<\/p>\n<p>REFRAIN J\u00a0\u2019ai un morpion Qui me gratte les couilles<\/p>\n<p>J\u00a0\u2019ai un morpion Je ne peux l\u00a0\u2019attraper \u00a0\u00a0\u00a0\u00a0\u00a0\u00a0\u00a0\u00a0\u00a0\u00a0\u00a0\u00a0\u00a0\u00a0 (bis)<\/p>\n<p>Sur les bords de la Tamise Y\u00a0\u2019avait 2 anglais\u2026..<\/p>\n<p>&#8212;&#8212;&#8212;&#8212;&#8212;&#8212;&#8212;&#8212;&#8212;&#8212;&#8212;&#8212;&#8212;&#8212;&#8212;&#8212;&#8212;<\/p>\n<ul>\n<li><strong>La\u00a0 boite \u00e0 caca<\/strong><\/li>\n<\/ul>\n<p>D\u00e9part 1: Je plongerai tout nu dans l\u00a0\u2019oc\u00e9an Pour te ramener des poissons d\u00a0\u2019argent<\/p>\n<p>De jolis coquillages merveilleux Mais moi en \u00e9change tu sais ce que je veux<\/p>\n<p>L\u00e8che moi , l\u00e8che moi la boite \u00e0 caca, la boite \u00e0 caca\u00a0\u00a0\u00a0 (bis)<\/p>\n<p>C\u00a0\u2019\u00e9tait une belle salope Qui avait le cul malpropre<\/p>\n<p>Quand je la sodomisais Elle criait \u00ab\u00a0Allez , allez\u00a0\u00bb<\/p>\n<p>L\u00e8che moi , l\u00e8che moi la boite \u00e0 caca , la boite \u00e0 caca Suce moi , suce moi la fente \u00e0 pipi, la fente \u00e0 pipi<\/p>\n<p>D\u00e9part 2 : J\u00a0\u2019avais dessin\u00e9 sur le sable son doux visage Qui me souriait\u2026..<\/p>\n<p>Mais il a plu sur cette plage et dans cet orage Elle a disparu\u2026.<\/p>\n<p>Et j\u00a0\u2019ai cri\u00e9 , cri\u00e9\u00a0 :\u2026 L\u00e8che moi ,l\u00e8che moi\u2026\u2026\u2026\u2026\u2026<\/p>\n<p>D\u00e9part 3: Je m\u00a0baladais sur l\u00a0\u2019avenue Le c\u0153ur ouvert \u00e0 l\u00a0\u2019inconnu<\/p>\n<p>J\u00a0\u2019avais envie de dire bonjour \u00e0 n\u00a0\u2019importe qui N\u00a0\u2019importe qui et ce fut toi et je t\u00a0\u2019ai dit\u2026\u2026.<\/p>\n<p>. L\u00e8che moi\u2026\u2026\u2026.<\/p>\n<p>D\u00e9part 4: Une souris verte qui courait dans l\u00a0\u2019herbe<\/p>\n<p>Je l\u00a0\u2019attrape par la queue je la montre \u00e0 ces messieurs<\/p>\n<p>Ces messieurs me disent: L\u00e8che moi, l\u00e8che moi\u2026\u2026\u2026..<\/p>\n<p>&nbsp;<\/p>\n<p>&#8212;&#8212;&#8212;&#8212;&#8212;&#8212;&#8212;&#8212;&#8212;&#8212;&#8212;&#8212;&#8212;&#8212;&#8212;&#8212;&#8212;&#8212;-<\/p>\n<ul>\n<li><strong>Incendie \u00e0 Rio\u00a0 (version hot)<\/strong><\/li>\n<\/ul>\n<p>Pendant c\u00a0\u2019temps l\u00e0, la Bernadette Tout doucement m\u00a0\u2019fait un pompier<\/p>\n<p>Je lui \u00e9jacule dans la t\u00e8te Elle a les dents toutes coll\u00e9es (oh\u00e9,oh\u00e9)<\/p>\n<p>Comme il m\u00a0\u2019en reste dans les roupettes Je lui dis de recommencer<\/p>\n<p>Oui mais voil\u00e0 la Bernadette c\u00a0\u2019est pas tout \u00e7a Il va falloir en jouer (oh\u00e9 oh\u00e9 oh\u00e9)<\/p>\n<p>Elle m\u00a0\u2019a pomp\u00e9 le tuyau,le tuyau,le tuyau Elle m\u00a0\u2019a vid\u00e9 les roupettes<\/p>\n<p>Elle m\u00a0\u2019a pomp\u00e9 le tuyau ,le tuyau, le tuyau Je bandais comme un taureau oh\u00e9 oh\u00e9 oh\u00e9\u2026\u2026.<\/p>\n<p>&#8212;&#8212;&#8212;&#8212;&#8212;&#8212;&#8212;&#8212;&#8212;&#8212;&#8212;&#8212;&#8212;&#8212;&#8212;&#8212;&#8212;&#8212;-<\/p>\n<ul>\n<li><strong>QUATRE JOUISSANCES<\/strong><\/li>\n<\/ul>\n<p>La femme qui p\u00e8te au lit (prout,prout)<\/p>\n<p>Eprouve quatre jouissances Elle bassine son lit (prout,prout)<\/p>\n<p>Elle soulage son ventre Et on entend son cul qui chante<\/p>\n<p>Dans le silence de la nuit Et on entend son cul qui chante<\/p>\n<p>Et elle empeste son mari\u2026..<\/p>\n<p>&nbsp;<\/p>\n<p>La femme qui suce au lit(slurp,slurp<\/p>\n<p>Eprouve quatre jouissances Elle l\u00e8che un gros vit(slurp,slurp)<\/p>\n<p>Elle le sent se tendre Et on entend sa bouche qui chante<\/p>\n<p>Dans le silence de la nuit Et on entend sa bouche qui chante<\/p>\n<p>Elle r\u00e9veille son mari\u2026.<\/p>\n<p>&nbsp;<\/p>\n<p>La femme qui jouit au lit(oui,oui) Eprouve quatre jouissances<\/p>\n<p>Elle jouit dans son lit (oui,oui) Elle r\u00e9gale son ventre<\/p>\n<p>Et on entend son con qui chante Dans le silence de la nuit<\/p>\n<p>Et on entend son con qui chante<\/p>\n<p>Elle soulage son mari\u2026&#8230;<\/p>\n<p>&#8212;&#8212;&#8212;&#8212;&#8212;&#8212;&#8212;&#8212;&#8212;&#8212;&#8212;&#8212;&#8212;&#8212;&#8212;&#8212;&#8212;&#8212;&#8212;&#8212;&#8212;-<\/p>\n<ul>\n<li><strong>LES ODEURS<\/strong><\/li>\n<\/ul>\n<p>J\u00a0\u2019suis pas contre les odeurs<\/p>\n<p>Mais je pr\u00e9tends qu\u2019une odeur pure Est pr\u00e9f\u00e9rable \u00e0 toute odeur\u00a0} \u00a0Sans rapport avec la nature}<\/p>\n<p>\u2026..bis Aussi suis -je bien convaincu Comme la plus simple des choses Qu\u00a0\u2019un cul \u00e7a doit sentir le cul }<\/p>\n<p>Et pas sentir l\u00a0\u2019essence de rose }<\/p>\n<p>\u2026bis A ma femme je dis l\u00a0\u2019autre matin Quand auras tu fini vieille b\u00eate De te parfumer au lubin}<\/p>\n<p>De t\u00a0\u2019tremper l\u00a0\u2019cul dans la cuvette }\u2026bis<\/p>\n<p>&#8212;&#8212;&#8212;&#8212;&#8212;&#8212;&#8212;&#8212;&#8212;&#8212;&#8212;&#8212;&#8212;&#8212;&#8212;&#8212;&#8212;&#8212;&#8212;&#8212;&#8212;&#8212;&#8212;&#8212;&#8212;&#8212;&#8212;&#8212;&#8212;&#8212;&#8211;<\/p>\n<ul>\n<li><strong>LES\u00a0 FETES\u00a0 DE\u00a0 MAULEON<\/strong><\/li>\n<\/ul>\n<p>Du plus petit coin de Navarre<\/p>\n<p>De la soule et m\u00eame du Labour<\/p>\n<p>On parle de Maul\u00e9on-Licharre<\/p>\n<p>Avec entrain et beaucoup d\u00a0\u2019amour De Maul\u00e9on<\/p>\n<p>, ses superbes f\u00eates Si vivantes et si pleines d\u00a0entrain<\/p>\n<p>Ses all\u00e9es de soules coquettes<\/p>\n<p>, Et son folklore Souletin.<\/p>\n<p>Farandoles qui s\u00a0\u2019envolent Fandango, feux de la St-Jean<\/p>\n<p>Jolies filles qui p\u00e9tillent Dans les bras de leurs\u00a0 chers\u00a0 galants<\/p>\n<p>Cavalcades, s\u00e9r\u00e9nades Irensina cette chanson<\/p>\n<p>Nuits d\u00a0\u2019ivresse , d\u00a0\u2019all\u00e9gresse} Tout \u00e7a c\u00a0\u2019est les f\u00eates de Maul\u00e9on}\u00a0 bis \u00ab\u00a0Licharre\u00a0\u00bb<\/p>\n<p>Approchez , venez voir le programme\u00a0Vous me direz s\u00a0\u2019il est vraiment beau<\/p>\n<p>Vous y verrez messieurs et mesdames L\u00a0\u2019\u00e9ternelle course de chevaux<\/p>\n<p>De splendides parties de pelote Et un choix de danseurs souletins<\/p>\n<p>Fandango sur un air de gavotte Tout \u00e7a dans l\u00a0\u2019ambiance des bons copains<\/p>\n<p>\u2026. Refrain Le soir c\u00a0\u2019est la cohue g\u00e9n\u00e9rale<\/p>\n<p>Du vieux port au fin fond du planchot<\/p>\n<p>Il faut voir comme on se trimballe<\/p>\n<p>Nos Maritchou et nos Ramontcho<\/p>\n<p>Les fougueux bergers de la montagne<\/p>\n<p>Et la jeunesse des environs<\/p>\n<p>Ont ce soir d\u00e9sert\u00e9 la campagne<\/p>\n<p>Pour venir au f\u00eates de Maul\u00e9on&#8230;<\/p>\n<p style=\"text-align: center;\"><img data-recalc-dims=\"1\" loading=\"lazy\" decoding=\"async\" data-attachment-id=\"665\" data-permalink=\"http:\/\/www.zbbrb.fr\/wp\/?attachment_id=665\" data-orig-file=\"https:\/\/i0.wp.com\/www.zbbrb.fr\/wp\/wp-content\/uploads\/2013\/04\/notes-de-musique-sur-partition.jpg?fit=500%2C354\" data-orig-size=\"500,354\" data-comments-opened=\"1\" data-image-meta=\"{&quot;aperture&quot;:&quot;0&quot;,&quot;credit&quot;:&quot;&quot;,&quot;camera&quot;:&quot;&quot;,&quot;caption&quot;:&quot;&quot;,&quot;created_timestamp&quot;:&quot;0&quot;,&quot;copyright&quot;:&quot;&quot;,&quot;focal_length&quot;:&quot;0&quot;,&quot;iso&quot;:&quot;0&quot;,&quot;shutter_speed&quot;:&quot;0&quot;,&quot;title&quot;:&quot;&quot;}\" data-image-title=\"notes-de-musique-sur-partition\" data-image-description=\"\" data-image-caption=\"\" data-large-file=\"https:\/\/i0.wp.com\/www.zbbrb.fr\/wp\/wp-content\/uploads\/2013\/04\/notes-de-musique-sur-partition.jpg?fit=500%2C354\" class=\"size-medium wp-image-665 aligncenter\" src=\"https:\/\/i0.wp.com\/www.zbbrb.fr\/wp\/wp-content\/uploads\/2013\/04\/notes-de-musique-sur-partition.jpg?resize=300%2C212\" alt=\"notes-de-musique-sur-partition\" width=\"300\" height=\"212\" srcset=\"https:\/\/i0.wp.com\/www.zbbrb.fr\/wp\/wp-content\/uploads\/2013\/04\/notes-de-musique-sur-partition.jpg?resize=300%2C212 300w, https:\/\/i0.wp.com\/www.zbbrb.fr\/wp\/wp-content\/uploads\/2013\/04\/notes-de-musique-sur-partition.jpg?resize=423%2C300 423w, https:\/\/i0.wp.com\/www.zbbrb.fr\/wp\/wp-content\/uploads\/2013\/04\/notes-de-musique-sur-partition.jpg?w=500 500w\" sizes=\"auto, (max-width: 300px) 100vw, 300px\" \/><\/p>\n<p>&#8212;&#8212;&#8212;&#8212;&#8212;&#8212;&#8212;&#8212;&#8212;&#8212;&#8212;&#8212;&#8212;&#8212;&#8212;&#8212;&#8212;&#8212;&#8212;&#8212;&#8212;&#8212;&#8212;&#8212;-<\/p>\n","protected":false},"excerpt":{"rendered":"<p>\u00a0 Ah, la salope\u00a0 C&rsquo;\u00e9tait une fillette, qui s&rsquo;appelait Suzon (bis) Et elle aimait \u00e0 rire, avec tous les gar\u00e7ons ! Ah ! La salope, va laver ton cul, malpropre ! Car il n&rsquo;est pas propre, tire-lire Car il n&rsquo;est &hellip; <a href=\"http:\/\/www.zbbrb.fr\/wp\/?page_id=169\">Continue reading <span class=\"meta-nav\">&rarr;<\/span><\/a><\/p>\n","protected":false},"author":3,"featured_media":0,"parent":162,"menu_order":0,"comment_status":"open","ping_status":"open","template":"","meta":{"jetpack_post_was_ever_published":false,"footnotes":""},"class_list":["post-169","page","type-page","status-publish","hentry"],"jetpack_sharing_enabled":true,"jetpack_shortlink":"https:\/\/wp.me\/P3Xwp1-2J","_links":{"self":[{"href":"http:\/\/www.zbbrb.fr\/wp\/index.php?rest_route=\/wp\/v2\/pages\/169","targetHints":{"allow":["GET"]}}],"collection":[{"href":"http:\/\/www.zbbrb.fr\/wp\/index.php?rest_route=\/wp\/v2\/pages"}],"about":[{"href":"http:\/\/www.zbbrb.fr\/wp\/index.php?rest_route=\/wp\/v2\/types\/page"}],"author":[{"embeddable":true,"href":"http:\/\/www.zbbrb.fr\/wp\/index.php?rest_route=\/wp\/v2\/users\/3"}],"replies":[{"embeddable":true,"href":"http:\/\/www.zbbrb.fr\/wp\/index.php?rest_route=%2Fwp%2Fv2%2Fcomments&post=169"}],"version-history":[{"count":9,"href":"http:\/\/www.zbbrb.fr\/wp\/index.php?rest_route=\/wp\/v2\/pages\/169\/revisions"}],"predecessor-version":[{"id":1900,"href":"http:\/\/www.zbbrb.fr\/wp\/index.php?rest_route=\/wp\/v2\/pages\/169\/revisions\/1900"}],"up":[{"embeddable":true,"href":"http:\/\/www.zbbrb.fr\/wp\/index.php?rest_route=\/wp\/v2\/pages\/162"}],"wp:attachment":[{"href":"http:\/\/www.zbbrb.fr\/wp\/index.php?rest_route=%2Fwp%2Fv2%2Fmedia&parent=169"}],"curies":[{"name":"wp","href":"https:\/\/api.w.org\/{rel}","templated":true}]}}