{"id":1644,"date":"2014-08-20T19:38:56","date_gmt":"2014-08-20T17:38:56","guid":{"rendered":"http:\/\/www.zbbrb.fr\/wp\/?page_id=1644"},"modified":"2014-09-07T18:07:53","modified_gmt":"2014-09-07T16:07:53","slug":"assemblee-generale-du-210614","status":"publish","type":"page","link":"http:\/\/www.zbbrb.fr\/wp\/?page_id=1644","title":{"rendered":"Assembl\u00e9e G\u00e9n\u00e9rale du 21\/06\/14"},"content":{"rendered":"<p><span style=\"font-size: 22px;\"><span style=\"font-family: arial,helvetica,sans-serif;\">Cliquez sur le lien pour consulter ou enregister le compte rendu de<\/span> <a href=\"http:\/\/www.zbbrb.fr\/wp\/wp-content\/uploads\/2014\/08\/Cpte_rendu_AG_21-06-14.pdf\" target=\"_blank\">l&rsquo;Assembl\u00e9e G\u00e9n\u00e9rale du 21\/06\/14<\/a><\/span><\/p>\n","protected":false},"excerpt":{"rendered":"<p>Cliquez sur le lien pour consulter ou enregister le compte rendu de l&rsquo;Assembl\u00e9e G\u00e9n\u00e9rale du 21\/06\/14<\/p>\n","protected":false},"author":3,"featured_media":0,"parent":1722,"menu_order":0,"comment_status":"open","ping_status":"open","template":"","meta":{"jetpack_post_was_ever_published":false,"footnotes":""},"class_list":["post-1644","page","type-page","status-publish","hentry"],"jetpack_sharing_enabled":true,"jetpack_shortlink":"https:\/\/wp.me\/P3Xwp1-qw","_links":{"self":[{"href":"http:\/\/www.zbbrb.fr\/wp\/index.php?rest_route=\/wp\/v2\/pages\/1644","targetHints":{"allow":["GET"]}}],"collection":[{"href":"http:\/\/www.zbbrb.fr\/wp\/index.php?rest_route=\/wp\/v2\/pages"}],"about":[{"href":"http:\/\/www.zbbrb.fr\/wp\/index.php?rest_route=\/wp\/v2\/types\/page"}],"author":[{"embeddable":true,"href":"http:\/\/www.zbbrb.fr\/wp\/index.php?rest_route=\/wp\/v2\/users\/3"}],"replies":[{"embeddable":true,"href":"http:\/\/www.zbbrb.fr\/wp\/index.php?rest_route=%2Fwp%2Fv2%2Fcomments&post=1644"}],"version-history":[{"count":12,"href":"http:\/\/www.zbbrb.fr\/wp\/index.php?rest_route=\/wp\/v2\/pages\/1644\/revisions"}],"predecessor-version":[{"id":1840,"href":"http:\/\/www.zbbrb.fr\/wp\/index.php?rest_route=\/wp\/v2\/pages\/1644\/revisions\/1840"}],"up":[{"embeddable":true,"href":"http:\/\/www.zbbrb.fr\/wp\/index.php?rest_route=\/wp\/v2\/pages\/1722"}],"wp:attachment":[{"href":"http:\/\/www.zbbrb.fr\/wp\/index.php?rest_route=%2Fwp%2Fv2%2Fmedia&parent=1644"}],"curies":[{"name":"wp","href":"https:\/\/api.w.org\/{rel}","templated":true}]}}