{"id":149,"date":"2013-04-26T22:44:43","date_gmt":"2013-04-26T20:44:43","guid":{"rendered":"http:\/\/127.0.0.1:4001\/wordpress\/?page_id=149"},"modified":"2019-09-07T22:38:34","modified_gmt":"2019-09-07T20:38:34","slug":"organigramme","status":"publish","type":"page","link":"http:\/\/www.zbbrb.fr\/wp\/?page_id=149","title":{"rendered":"Organigramme"},"content":{"rendered":"<p><img data-recalc-dims=\"1\" loading=\"lazy\" decoding=\"async\" data-attachment-id=\"3998\" data-permalink=\"http:\/\/www.zbbrb.fr\/wp\/?attachment_id=3998\" data-orig-file=\"https:\/\/i0.wp.com\/www.zbbrb.fr\/wp\/wp-content\/uploads\/2019\/09\/IMG-20190705-WA0010.jpg?fit=1000%2C750\" data-orig-size=\"1000,750\" data-comments-opened=\"1\" data-image-meta=\"{&quot;aperture&quot;:&quot;0&quot;,&quot;credit&quot;:&quot;&quot;,&quot;camera&quot;:&quot;&quot;,&quot;caption&quot;:&quot;&quot;,&quot;created_timestamp&quot;:&quot;0&quot;,&quot;copyright&quot;:&quot;&quot;,&quot;focal_length&quot;:&quot;0&quot;,&quot;iso&quot;:&quot;0&quot;,&quot;shutter_speed&quot;:&quot;0&quot;,&quot;title&quot;:&quot;&quot;,&quot;orientation&quot;:&quot;0&quot;}\" data-image-title=\"IMG-20190705-WA0010\" data-image-description=\"\" data-image-caption=\"\" data-large-file=\"https:\/\/i0.wp.com\/www.zbbrb.fr\/wp\/wp-content\/uploads\/2019\/09\/IMG-20190705-WA0010.jpg?fit=584%2C438\" class=\"alignnone size-full wp-image-3998\" src=\"https:\/\/i0.wp.com\/www.zbbrb.fr\/wp\/wp-content\/uploads\/2019\/09\/IMG-20190705-WA0010.jpg?resize=584%2C438\" alt=\"\" width=\"584\" height=\"438\" srcset=\"https:\/\/i0.wp.com\/www.zbbrb.fr\/wp\/wp-content\/uploads\/2019\/09\/IMG-20190705-WA0010.jpg?w=1000 1000w, https:\/\/i0.wp.com\/www.zbbrb.fr\/wp\/wp-content\/uploads\/2019\/09\/IMG-20190705-WA0010.jpg?resize=300%2C225 300w, https:\/\/i0.wp.com\/www.zbbrb.fr\/wp\/wp-content\/uploads\/2019\/09\/IMG-20190705-WA0010.jpg?resize=768%2C576 768w, https:\/\/i0.wp.com\/www.zbbrb.fr\/wp\/wp-content\/uploads\/2019\/09\/IMG-20190705-WA0010.jpg?resize=400%2C300 400w\" sizes=\"auto, (max-width: 584px) 100vw, 584px\" \/><\/p>\n<h3><\/h3>\n<h3 style=\"text-align: center;\"><strong><span style=\"text-decoration: underline; color: #000000;\"><span style=\"font-size: 12pt;\">PR\u00c9SIDENT<\/span><\/span><\/strong><\/h3>\n<p style=\"text-align: center;\"><span style=\"color: #000080; font-size: 12pt;\">Benoit DUMAS<\/span><\/p>\n<h3 style=\"text-align: center;\"><strong><span style=\"text-decoration: underline; color: #000000;\"><span style=\"font-size: 12pt;\">VICE-PR\u00c9SIDENT<\/span><\/span><\/strong><\/h3>\n<p style=\"text-align: center;\"><span style=\"color: #000080; font-size: 12pt;\">Fran\u00e7ois ZANELLI<\/span><\/p>\n<h3 style=\"text-align: center;\"><strong><span style=\"text-decoration: underline; color: #000000;\"><span style=\"font-size: 12pt;\">TR\u00c9SORIER<\/span><\/span><\/strong><\/h3>\n<p style=\"text-align: center;\"><span style=\"color: #000080; font-size: 12pt;\">Xavier LE TALLEC<\/span><\/p>\n<h3 style=\"text-align: center;\"><strong><span style=\"text-decoration: underline; color: #000000;\"><span style=\"font-size: 12pt;\">SECR\u00c9TAIRE<\/span><\/span><\/strong><\/h3>\n<p style=\"text-align: center;\"><span style=\"color: #000080; font-size: 12pt;\">Rodolphe CHARLES<\/span><\/p>\n<h3 style=\"text-align: center;\"><strong><span style=\"text-decoration: underline; color: #000000;\"><span style=\"font-size: 12pt;\">CHARG\u00c9S DES SPONSORS ET DE LA COMMUNICATION<\/span><\/span><\/strong><\/h3>\n<p style=\"text-align: center;\"><span style=\"color: #000080; font-size: 12pt;\">Steeve ALIDOR et Maxime NIBART<\/span><\/p>\n<h3 style=\"text-align: center;\"><strong><span style=\"text-decoration: underline; color: #000000;\"><span style=\"font-size: 12pt;\">PR\u00c9SIDENT D&rsquo;HONNEUR<\/span><\/span><\/strong><\/h3>\n<p style=\"text-align: center;\"><span style=\"color: #000080; font-size: 12pt;\">Jacques FERRER<\/span><\/p>\n<p style=\"text-align: center;\">\n<p style=\"text-align: center;\">\n","protected":false},"excerpt":{"rendered":"<p>PR\u00c9SIDENT Benoit DUMAS VICE-PR\u00c9SIDENT Fran\u00e7ois ZANELLI TR\u00c9SORIER Xavier LE TALLEC SECR\u00c9TAIRE Rodolphe CHARLES CHARG\u00c9S DES SPONSORS ET DE LA COMMUNICATION Steeve ALIDOR et Maxime NIBART PR\u00c9SIDENT D&rsquo;HONNEUR Jacques FERRER<\/p>\n","protected":false},"author":3,"featured_media":0,"parent":125,"menu_order":0,"comment_status":"open","ping_status":"open","template":"","meta":{"jetpack_post_was_ever_published":false,"footnotes":""},"class_list":["post-149","page","type-page","status-publish","hentry"],"jetpack_sharing_enabled":true,"jetpack_shortlink":"https:\/\/wp.me\/P3Xwp1-2p","_links":{"self":[{"href":"http:\/\/www.zbbrb.fr\/wp\/index.php?rest_route=\/wp\/v2\/pages\/149","targetHints":{"allow":["GET"]}}],"collection":[{"href":"http:\/\/www.zbbrb.fr\/wp\/index.php?rest_route=\/wp\/v2\/pages"}],"about":[{"href":"http:\/\/www.zbbrb.fr\/wp\/index.php?rest_route=\/wp\/v2\/types\/page"}],"author":[{"embeddable":true,"href":"http:\/\/www.zbbrb.fr\/wp\/index.php?rest_route=\/wp\/v2\/users\/3"}],"replies":[{"embeddable":true,"href":"http:\/\/www.zbbrb.fr\/wp\/index.php?rest_route=%2Fwp%2Fv2%2Fcomments&post=149"}],"version-history":[{"count":28,"href":"http:\/\/www.zbbrb.fr\/wp\/index.php?rest_route=\/wp\/v2\/pages\/149\/revisions"}],"predecessor-version":[{"id":4009,"href":"http:\/\/www.zbbrb.fr\/wp\/index.php?rest_route=\/wp\/v2\/pages\/149\/revisions\/4009"}],"up":[{"embeddable":true,"href":"http:\/\/www.zbbrb.fr\/wp\/index.php?rest_route=\/wp\/v2\/pages\/125"}],"wp:attachment":[{"href":"http:\/\/www.zbbrb.fr\/wp\/index.php?rest_route=%2Fwp%2Fv2%2Fmedia&parent=149"}],"curies":[{"name":"wp","href":"https:\/\/api.w.org\/{rel}","templated":true}]}}