{"id":125,"date":"2013-04-21T01:49:58","date_gmt":"2013-04-20T23:49:58","guid":{"rendered":"http:\/\/127.0.0.1:4001\/wordpress\/?page_id=125"},"modified":"2014-09-10T13:48:59","modified_gmt":"2014-09-10T11:48:59","slug":"actualites","status":"publish","type":"page","link":"http:\/\/www.zbbrb.fr\/wp\/?page_id=125","title":{"rendered":"Ze Club"},"content":{"rendered":"<p><img data-recalc-dims=\"1\" loading=\"lazy\" decoding=\"async\" data-attachment-id=\"624\" data-permalink=\"http:\/\/www.zbbrb.fr\/wp\/?attachment_id=624\" data-orig-file=\"https:\/\/i0.wp.com\/www.zbbrb.fr\/wp\/wp-content\/uploads\/2013\/04\/i-love-rugby.gif?fit=350%2C350\" data-orig-size=\"350,350\" data-comments-opened=\"1\" data-image-meta=\"{&quot;aperture&quot;:&quot;0&quot;,&quot;credit&quot;:&quot;&quot;,&quot;camera&quot;:&quot;&quot;,&quot;caption&quot;:&quot;&quot;,&quot;created_timestamp&quot;:&quot;0&quot;,&quot;copyright&quot;:&quot;&quot;,&quot;focal_length&quot;:&quot;0&quot;,&quot;iso&quot;:&quot;0&quot;,&quot;shutter_speed&quot;:&quot;0&quot;,&quot;title&quot;:&quot;&quot;}\" data-image-title=\"i-love-rugby\" data-image-description=\"\" data-image-caption=\"\" data-large-file=\"https:\/\/i0.wp.com\/www.zbbrb.fr\/wp\/wp-content\/uploads\/2013\/04\/i-love-rugby.gif?fit=350%2C350\" class=\" wp-image-624 alignright\" src=\"https:\/\/i0.wp.com\/www.zbbrb.fr\/wp\/wp-content\/uploads\/2013\/04\/i-love-rugby.gif?resize=223%2C170\" alt=\"i-love-rugby\" width=\"223\" height=\"170\" \/><\/p>\n<ul>\n<li><a href=\"http:\/\/www.zbbrb.fr\/wp\/?page_id=551\">Pr\u00e9sentation<\/a><\/li>\n<li><a href=\"http:\/\/www.zbbrb.fr\/wp\/?page_id=220\">R\u00e8glement int\u00e9rieur<\/a><\/li>\n<li><a href=\"http:\/\/www.zbbrb.fr\/wp\/?page_id=1722\">Assembl\u00e9es g\u00e9n\u00e9rales<\/a><\/li>\n<li><a href=\"http:\/\/www.zbbrb.fr\/wp\/?page_id=149\">Organigramme<\/a><\/li>\n<li><a href=\"http:\/\/www.zbbrb.fr\/wp\/?page_id=134\">Trombinoscope<\/a><\/li>\n<li><a href=\"http:\/\/www.zbbrb.fr\/wp\/?page_id=192\">Ze\u00a0stade<\/a><\/li>\n<\/ul>\n","protected":false},"excerpt":{"rendered":"<p>Pr\u00e9sentation R\u00e8glement int\u00e9rieur Assembl\u00e9es g\u00e9n\u00e9rales Organigramme Trombinoscope Ze\u00a0stade<\/p>\n","protected":false},"author":3,"featured_media":0,"parent":0,"menu_order":0,"comment_status":"open","ping_status":"open","template":"","meta":{"jetpack_post_was_ever_published":false,"footnotes":""},"class_list":["post-125","page","type-page","status-publish","hentry"],"jetpack_sharing_enabled":true,"jetpack_shortlink":"https:\/\/wp.me\/P3Xwp1-21","_links":{"self":[{"href":"http:\/\/www.zbbrb.fr\/wp\/index.php?rest_route=\/wp\/v2\/pages\/125","targetHints":{"allow":["GET"]}}],"collection":[{"href":"http:\/\/www.zbbrb.fr\/wp\/index.php?rest_route=\/wp\/v2\/pages"}],"about":[{"href":"http:\/\/www.zbbrb.fr\/wp\/index.php?rest_route=\/wp\/v2\/types\/page"}],"author":[{"embeddable":true,"href":"http:\/\/www.zbbrb.fr\/wp\/index.php?rest_route=\/wp\/v2\/users\/3"}],"replies":[{"embeddable":true,"href":"http:\/\/www.zbbrb.fr\/wp\/index.php?rest_route=%2Fwp%2Fv2%2Fcomments&post=125"}],"version-history":[{"count":16,"href":"http:\/\/www.zbbrb.fr\/wp\/index.php?rest_route=\/wp\/v2\/pages\/125\/revisions"}],"predecessor-version":[{"id":1907,"href":"http:\/\/www.zbbrb.fr\/wp\/index.php?rest_route=\/wp\/v2\/pages\/125\/revisions\/1907"}],"wp:attachment":[{"href":"http:\/\/www.zbbrb.fr\/wp\/index.php?rest_route=%2Fwp%2Fv2%2Fmedia&parent=125"}],"curies":[{"name":"wp","href":"https:\/\/api.w.org\/{rel}","templated":true}]}}